{"id":58,"date":"2017-10-25T15:07:03","date_gmt":"2017-10-25T13:07:03","guid":{"rendered":"http:\/\/lesluciolesdelavallee.fr\/?page_id=58"},"modified":"2021-08-24T23:29:51","modified_gmt":"2021-08-24T21:29:51","slug":"programmes-des-mercredis","status":"publish","type":"page","link":"https:\/\/lesluciolesdelavallee.fr\/?page_id=58","title":{"rendered":"Programmes des mercredis"},"content":{"rendered":"\n<figure class=\"wp-block-image\"><img decoding=\"async\" src=\"https:\/\/www.creditmutuel.fr\/cmo\/fr\/vitrine\/visuels\/actualites\/2019\/201906_helloasso_paiements_en_ligne\/688x195.jpg\" alt=\"Super ! Mon asso accepte les paiements en ligne. D\u00e9couvrez le partenariat Cr\u00e9dit Mutuel - HelloAsso.\"\/><\/figure>\n\n\n<div class=\"ContenuCMS\">\n<div class=\"Clear\">&nbsp;<strong style=\"font-size: 17px;\">L\u2019accueil p\u00e9riscolaire&nbsp;du mercredi est ouvert &nbsp;:<\/strong><\/div>\n<div><\/div>\n<div class=\"ContenuCMS\">\n<ul>\n<li>le mercredi toute la journ\u00e9e de 7H00 \u00e0 19H00 au Hameau du Nay<\/li>\n<\/ul>\n<p>&nbsp;<\/p>\n<p>&nbsp;<\/p>\n<\/div>\n<\/div>","protected":false},"excerpt":{"rendered":"<p>&nbsp;L\u2019accueil p\u00e9riscolaire&nbsp;du mercredi est ouvert &nbsp;: le mercredi toute la journ\u00e9e de 7H00 \u00e0 19H00 au Hameau du Nay &nbsp; &nbsp;<\/p>\n","protected":false},"author":1,"featured_media":0,"parent":0,"menu_order":0,"comment_status":"closed","ping_status":"closed","template":"","meta":{"footnotes":""},"class_list":["post-58","page","type-page","status-publish","hentry"],"_links":{"self":[{"href":"https:\/\/lesluciolesdelavallee.fr\/index.php?rest_route=\/wp\/v2\/pages\/58","targetHints":{"allow":["GET"]}}],"collection":[{"href":"https:\/\/lesluciolesdelavallee.fr\/index.php?rest_route=\/wp\/v2\/pages"}],"about":[{"href":"https:\/\/lesluciolesdelavallee.fr\/index.php?rest_route=\/wp\/v2\/types\/page"}],"author":[{"embeddable":true,"href":"https:\/\/lesluciolesdelavallee.fr\/index.php?rest_route=\/wp\/v2\/users\/1"}],"replies":[{"embeddable":true,"href":"https:\/\/lesluciolesdelavallee.fr\/index.php?rest_route=%2Fwp%2Fv2%2Fcomments&post=58"}],"version-history":[{"count":7,"href":"https:\/\/lesluciolesdelavallee.fr\/index.php?rest_route=\/wp\/v2\/pages\/58\/revisions"}],"predecessor-version":[{"id":2026,"href":"https:\/\/lesluciolesdelavallee.fr\/index.php?rest_route=\/wp\/v2\/pages\/58\/revisions\/2026"}],"wp:attachment":[{"href":"https:\/\/lesluciolesdelavallee.fr\/index.php?rest_route=%2Fwp%2Fv2%2Fmedia&parent=58"}],"curies":[{"name":"wp","href":"https:\/\/api.w.org\/{rel}","templated":true}]}}