{"id":35,"date":"2017-10-25T14:43:46","date_gmt":"2017-10-25T12:43:46","guid":{"rendered":"http:\/\/lesluciolesdelavallee.fr\/?page_id=35"},"modified":"2021-11-18T19:27:17","modified_gmt":"2021-11-18T18:27:17","slug":"temps-daccueil-peri-educatifs-tap","status":"publish","type":"page","link":"https:\/\/lesluciolesdelavallee.fr\/?page_id=35","title":{"rendered":"Documents \u00e0 t\u00e9l\u00e9charger"},"content":{"rendered":"\n<div data-wp-interactive=\"core\/file\" class=\"wp-block-file\"><object data-wp-bind--hidden=\"!state.hasPdfPreview\" hidden class=\"wp-block-file__embed\" data=\"http:\/\/lesluciolesdelavallee.fr\/wp-content\/uploads\/2021\/11\/Fiche-sanitaire-new.pdf\" type=\"application\/pdf\" style=\"width:100%;height:600px\" aria-label=\"Contenu embarqu\u00e9 Contenu embarqu\u00e9 Fiche-sanitaire-new..\"><\/object><a href=\"http:\/\/lesluciolesdelavallee.fr\/wp-content\/uploads\/2021\/11\/Fiche-sanitaire-new.pdf\">Fiche-sanitaire-new<\/a><a href=\"http:\/\/lesluciolesdelavallee.fr\/wp-content\/uploads\/2021\/11\/Fiche-sanitaire-new.pdf\" class=\"wp-block-file__button\" download>T\u00e9l\u00e9charger<\/a><\/div>\n\n\n\n<div class=\"wp-block-file\"><a href=\"http:\/\/lesluciolesdelavallee.fr\/wp-content\/uploads\/2021\/11\/Fiche-sanitaire-new.docx\">Fiche-sanitaire-new<\/a><a href=\"http:\/\/lesluciolesdelavallee.fr\/wp-content\/uploads\/2021\/11\/Fiche-sanitaire-new.docx\" class=\"wp-block-file__button\" download>T\u00e9l\u00e9charger<\/a><\/div>\n\n\n<p><a href=\"http:\/\/lesluciolesdelavallee.fr\/wp-content\/uploads\/2018\/09\/REGLEMENT-INTERIEUR-centre-valid\u00e9.odt\">REGLEMENT INTERIEUR centre valid\u00e9 Word<\/a><\/p>\n<p><a href=\"http:\/\/lesluciolesdelavallee.fr\/wp-content\/uploads\/2018\/09\/REGLEMENT-INTERIEUR-centre-valid\u00e9.pdf\">REGLEMENT INTERIEUR centre valid\u00e9 PDF<\/a><\/p>\n<p style=\"margin-bottom: 0px;\"><a href=\"http:\/\/lesluciolesdelavallee.fr\/wp-content\/uploads\/2018\/07\/REGLEMENT-INTERIEUR-aps.pdf\">REGLEMENT INTERIEUR aps PDF<\/a><\/p>\n<p style=\"margin-bottom: 0px;\"><a href=\"http:\/\/lesluciolesdelavallee.fr\/wp-content\/uploads\/2018\/07\/REGLEMENT-INTERIEUR-aps.odt\">REGLEMENT INTERIEUR aps Word<\/a><\/p>\n<p><\/p>\n<p><a href=\"http:\/\/lesluciolesdelavallee.fr\/wp-content\/uploads\/2018\/09\/Fiche-dinscription-APS-MERC-\u00e0-remplir-.docx\">Fiche-dinscription-APS-MERC \u00e0 remplir<\/a>&nbsp;(word nouveau document sans impression)<\/p>\n<p><a href=\"http:\/\/lesluciolesdelavallee.fr\/wp-content\/uploads\/2018\/07\/Fiche-dinscription-APS-MERC.pdf\">Fiche d&rsquo;inscription APS MERC PDF<\/a><\/p>\n<p><\/p>\n\n\n<p><\/p>\n","protected":false},"excerpt":{"rendered":"<p>REGLEMENT INTERIEUR centre valid\u00e9 Word REGLEMENT INTERIEUR centre valid\u00e9 PDF REGLEMENT INTERIEUR aps PDF REGLEMENT INTERIEUR aps Word Fiche-dinscription-APS-MERC \u00e0 remplir&nbsp;(word nouveau document sans impression) Fiche d&rsquo;inscription APS MERC PDF<\/p>\n","protected":false},"author":1,"featured_media":0,"parent":0,"menu_order":0,"comment_status":"closed","ping_status":"closed","template":"","meta":{"footnotes":""},"class_list":["post-35","page","type-page","status-publish","hentry"],"_links":{"self":[{"href":"https:\/\/lesluciolesdelavallee.fr\/index.php?rest_route=\/wp\/v2\/pages\/35","targetHints":{"allow":["GET"]}}],"collection":[{"href":"https:\/\/lesluciolesdelavallee.fr\/index.php?rest_route=\/wp\/v2\/pages"}],"about":[{"href":"https:\/\/lesluciolesdelavallee.fr\/index.php?rest_route=\/wp\/v2\/types\/page"}],"author":[{"embeddable":true,"href":"https:\/\/lesluciolesdelavallee.fr\/index.php?rest_route=\/wp\/v2\/users\/1"}],"replies":[{"embeddable":true,"href":"https:\/\/lesluciolesdelavallee.fr\/index.php?rest_route=%2Fwp%2Fv2%2Fcomments&post=35"}],"version-history":[{"count":12,"href":"https:\/\/lesluciolesdelavallee.fr\/index.php?rest_route=\/wp\/v2\/pages\/35\/revisions"}],"predecessor-version":[{"id":2072,"href":"https:\/\/lesluciolesdelavallee.fr\/index.php?rest_route=\/wp\/v2\/pages\/35\/revisions\/2072"}],"wp:attachment":[{"href":"https:\/\/lesluciolesdelavallee.fr\/index.php?rest_route=%2Fwp%2Fv2%2Fmedia&parent=35"}],"curies":[{"name":"wp","href":"https:\/\/api.w.org\/{rel}","templated":true}]}}