{"id":245,"date":"2018-02-06T19:06:57","date_gmt":"2018-02-06T18:06:57","guid":{"rendered":"http:\/\/lesluciolesdelavallee.fr\/?page_id=245"},"modified":"2026-04-27T19:11:17","modified_gmt":"2026-04-27T17:11:17","slug":"infos-a-la-une","status":"publish","type":"page","link":"https:\/\/lesluciolesdelavallee.fr\/?page_id=245","title":{"rendered":"Infos \u00e0 la une !"},"content":{"rendered":"\n<h2 class=\"wp-block-heading\">Recherche d&rsquo;apprentis<\/h2>\n\n\n\n<p>L&rsquo;association recherche apprenti dans l&rsquo;animation en cette ann\u00e9e 2026<\/p>\n\n\n\n<p><\/p>\n\n\n\n<p><\/p>\n\n\n\n<h2 class=\"wp-block-heading\">Nous remercions la CAF, les communes de Br\u00e9tignolles, Combrand et Le PIN et tous les sponsors priv\u00e9s qui nous ont permis de donner \u00e0 nouveau aux enfants le plaisir de retrouver une structure tant r\u00e9clam\u00e9e.<\/h2>\n\n\n\n<p><\/p>\n\n\n\n<figure class=\"wp-block-image size-full\"><img loading=\"lazy\" decoding=\"async\" width=\"480\" height=\"640\" src=\"https:\/\/lesluciolesdelavallee.fr\/wp-content\/uploads\/2025\/01\/structure.jpg\" alt=\"\" class=\"wp-image-3299\" srcset=\"https:\/\/lesluciolesdelavallee.fr\/wp-content\/uploads\/2025\/01\/structure.jpg 480w, https:\/\/lesluciolesdelavallee.fr\/wp-content\/uploads\/2025\/01\/structure-225x300.jpg 225w\" sizes=\"auto, (max-width: 480px) 100vw, 480px\" \/><\/figure>\n\n\n\n<div data-wp-interactive=\"core\/file\" class=\"wp-block-file\"><object data-wp-bind--hidden=\"!state.hasPdfPreview\" hidden class=\"wp-block-file__embed\" data=\"http:\/\/lesluciolesdelavallee.fr\/wp-content\/uploads\/2022\/10\/Lots-et-Sponsors-TOMBOLA.pdf\" type=\"application\/pdf\" style=\"width:100%;height:600px\" aria-label=\"Contenu embarqu\u00e9 Lots-et-Sponsors-TOMBOLA.\"><\/object><a id=\"wp-block-file--media-8ed95165-2fe6-4643-bf45-20df5166d45a\" href=\"http:\/\/lesluciolesdelavallee.fr\/wp-content\/uploads\/2022\/10\/Lots-et-Sponsors-TOMBOLA.pdf\">Lots-et-Sponsors-TOMBOLA<\/a><a href=\"http:\/\/lesluciolesdelavallee.fr\/wp-content\/uploads\/2022\/10\/Lots-et-Sponsors-TOMBOLA.pdf\" class=\"wp-block-file__button wp-element-button\" download aria-describedby=\"wp-block-file--media-8ed95165-2fe6-4643-bf45-20df5166d45a\">T\u00e9l\u00e9charger<\/a><\/div>\n\n\n\n<figure class=\"wp-block-image\"><img decoding=\"async\" src=\"https:\/\/www.creditmutuel.fr\/cmo\/fr\/vitrine\/visuels\/actualites\/2019\/201906_helloasso_paiements_en_ligne\/688x195.jpg\" alt=\"Super ! Mon asso accepte les paiements en ligne. D\u00e9couvrez le partenariat Cr\u00e9dit Mutuel - HelloAsso.\"\/><\/figure>\n","protected":false},"excerpt":{"rendered":"<p>Recherche d&rsquo;apprentis L&rsquo;association recherche apprenti dans l&rsquo;animation en cette ann\u00e9e 2026 Nous remercions la CAF, les communes de Br\u00e9tignolles, Combrand et Le PIN et tous les sponsors priv\u00e9s qui nous ont permis de donner \u00e0 nouveau aux enfants le plaisir de retrouver une structure tant r\u00e9clam\u00e9e.<\/p>\n","protected":false},"author":3,"featured_media":0,"parent":0,"menu_order":0,"comment_status":"closed","ping_status":"closed","template":"","meta":{"footnotes":""},"class_list":["post-245","page","type-page","status-publish","hentry"],"_links":{"self":[{"href":"https:\/\/lesluciolesdelavallee.fr\/index.php?rest_route=\/wp\/v2\/pages\/245","targetHints":{"allow":["GET"]}}],"collection":[{"href":"https:\/\/lesluciolesdelavallee.fr\/index.php?rest_route=\/wp\/v2\/pages"}],"about":[{"href":"https:\/\/lesluciolesdelavallee.fr\/index.php?rest_route=\/wp\/v2\/types\/page"}],"author":[{"embeddable":true,"href":"https:\/\/lesluciolesdelavallee.fr\/index.php?rest_route=\/wp\/v2\/users\/3"}],"replies":[{"embeddable":true,"href":"https:\/\/lesluciolesdelavallee.fr\/index.php?rest_route=%2Fwp%2Fv2%2Fcomments&post=245"}],"version-history":[{"count":67,"href":"https:\/\/lesluciolesdelavallee.fr\/index.php?rest_route=\/wp\/v2\/pages\/245\/revisions"}],"predecessor-version":[{"id":3723,"href":"https:\/\/lesluciolesdelavallee.fr\/index.php?rest_route=\/wp\/v2\/pages\/245\/revisions\/3723"}],"wp:attachment":[{"href":"https:\/\/lesluciolesdelavallee.fr\/index.php?rest_route=%2Fwp%2Fv2%2Fmedia&parent=245"}],"curies":[{"name":"wp","href":"https:\/\/api.w.org\/{rel}","templated":true}]}}