{"id":1007,"date":"2019-03-11T16:58:21","date_gmt":"2019-03-11T15:58:21","guid":{"rendered":"http:\/\/lesluciolesdelavallee.fr\/?page_id=1007"},"modified":"2022-09-15T16:57:08","modified_gmt":"2022-09-15T14:57:08","slug":"animations-familles","status":"publish","type":"page","link":"https:\/\/lesluciolesdelavallee.fr\/?page_id=1007","title":{"rendered":"Animations familles"},"content":{"rendered":"\n<p>L&rsquo;Association des Lucioles de la Vall\u00e9e souhaite  d\u00e9velopper des animations pour les familles des quatre communes afin de cr\u00e9er du  lien et de proposer des formations, des activit\u00e9s d\u00e9tente, des temps de  partage&#8230; <\/p>\n\n\n\n<p><\/p>\n\n\n\n<p><br><\/p>\n","protected":false},"excerpt":{"rendered":"<p>L&rsquo;Association des Lucioles de la Vall\u00e9e souhaite d\u00e9velopper des animations pour les familles des quatre communes afin de cr\u00e9er du lien et de proposer des formations, des activit\u00e9s d\u00e9tente, des temps de partage&#8230;<\/p>\n","protected":false},"author":3,"featured_media":0,"parent":0,"menu_order":0,"comment_status":"closed","ping_status":"closed","template":"","meta":{"footnotes":""},"class_list":["post-1007","page","type-page","status-publish","hentry"],"_links":{"self":[{"href":"https:\/\/lesluciolesdelavallee.fr\/index.php?rest_route=\/wp\/v2\/pages\/1007","targetHints":{"allow":["GET"]}}],"collection":[{"href":"https:\/\/lesluciolesdelavallee.fr\/index.php?rest_route=\/wp\/v2\/pages"}],"about":[{"href":"https:\/\/lesluciolesdelavallee.fr\/index.php?rest_route=\/wp\/v2\/types\/page"}],"author":[{"embeddable":true,"href":"https:\/\/lesluciolesdelavallee.fr\/index.php?rest_route=\/wp\/v2\/users\/3"}],"replies":[{"embeddable":true,"href":"https:\/\/lesluciolesdelavallee.fr\/index.php?rest_route=%2Fwp%2Fv2%2Fcomments&post=1007"}],"version-history":[{"count":7,"href":"https:\/\/lesluciolesdelavallee.fr\/index.php?rest_route=\/wp\/v2\/pages\/1007\/revisions"}],"predecessor-version":[{"id":2430,"href":"https:\/\/lesluciolesdelavallee.fr\/index.php?rest_route=\/wp\/v2\/pages\/1007\/revisions\/2430"}],"wp:attachment":[{"href":"https:\/\/lesluciolesdelavallee.fr\/index.php?rest_route=%2Fwp%2Fv2%2Fmedia&parent=1007"}],"curies":[{"name":"wp","href":"https:\/\/api.w.org\/{rel}","templated":true}]}}